{"id":5102,"date":"2022-12-16T15:12:37","date_gmt":"2022-12-16T14:12:37","guid":{"rendered":"https:\/\/carlmalmstenstiftelsen.se\/?page_id=5102"},"modified":"2022-12-16T15:13:56","modified_gmt":"2022-12-16T14:13:56","slug":"timeline","status":"publish","type":"page","link":"https:\/\/carlmalmstenstiftelsen.se\/en\/carl-malmsten\/timeline\/","title":{"rendered":"Timeline"},"content":{"rendered":"\r\n\r\n\r\n<h2 style=\"text-align: left;\">Carl Malmsten through the years<\/h2>\r\n<p>\r\n\r\n<\/p>\r\n<p>1888\u00a0\u2028<br \/>Charley Per Henrik (Carl) Malmsten is born on the 7th of December.<\/p>\r\n<p>1910\u201312\u00a0<br \/>\u2028Apprenticed to the master carpenter Pelle J\u00f6nsson, Stockholm.<\/p>\r\n<p>1912\u201315\u00a0<br \/>\u2028Self-studies within handicrafts and architecture.<\/p>\r\n<p>1916\u00a0<br \/>\u2028First and second prize for writing desk and chair for Stockholm City Hall.<\/p>\r\n<p>1916\u201323\u00a0<br \/>\u2028Furniture for Stockholm City Hall.<\/p>\r\n<p>1917\u00a0<br \/>\u2028Marries Siv Munthe\u2028.<br \/>Participates in the Home Exhibition at Liljevalchs.<\/p>\r\n<p>1918\u00a0<br \/>\u2028Son Ulf is born.<\/p>\r\n<p>1919\u20131922\u00a0<br \/>\u2028Own carpentry workshop at Arbetargatan in Stockholm.<\/p>\r\n<p>1920\u00a0<br \/>\u2028Daughter Kerstin is born.<\/p>\r\n<p>1921\u00a0<br \/>\u2028Son Egil is born.<\/p>\r\n<p>1922\u201325\u00a0<br \/>\u2028Course leader at N\u00e4\u00e4s School of Crafts.<\/p>\r\n<p>1923\u00a0<br \/>\u2028Gothenburg Tercentennial Jubilee Exposition (five rooms for Swedish Furniture Factories).<br \/>\u2028Interior design of large living room at Ulriksdal Palace.<\/p>\r\n<p>1924\u00a0<br \/>\u2028Son Vidar is born.<\/p>\r\n<p>1925\u00a0<br \/>\u2028Participates in the International Exhibition of Modern Decorative and Industrial Arts in Paris; receives a Grand Prix.<\/p>\r\n<p>1926\u00a0<br \/>\u2028Son Torgils is born.<\/p>\r\n<p>1926\u00a0<br \/>\u2028Furniture for Grand Hotel, Stockholm\u2028.<br \/>Furniture for Stockholm Concert Hall.<\/p>\r\n<p>1926\u201334\u00a0<br \/>\u2028Holds woodcraft courses at Sigtunaskolan.<\/p>\r\n<p>1928 <br \/>\u2028Exhibition at Liljevalchs.<br \/>\u2028Olofskolan is founded.<\/p>\r\n<p>1930 <br \/>\u2028Olofskolan\u2019s workshop set up on Humleg\u00e5rdsgatan.<br \/>\u2028Furnishing for the Matchstick Palace on V\u00e4stra Tr\u00e4dg\u00e5rdsgatan in Stockholm\u2028.<br \/>Furnishing of three rooms at Stockholm Exhibition.<br \/>\u2028Furnishing of the Swedish suite at the Waldorf Astoria in New York.<\/p>\r\n<p>1933 <br \/>\u2028The company Carl Malmsten is registered\u2028.<br \/>Exhibition at the R\u00f6hsska Museum of Design and Craft in Gothenburg.<\/p>\r\n<p>1933\u201340 <br \/>\u2028Holds woodcraft courses on \u00c5land, in Bruksvallarna and Hedemora.<\/p>\r\n<p>1934 <br \/>\u2028Exhibitions at Liljevalchs, in Riga, Reval, Dorpat and Kaunas\u2028.<br \/>Furniture for the Council President\u2019s room at the League of Nations in Geneva.<\/p>\r\n<p>1936 <br \/>\u2028Awarded the title of Professor.<\/p>\r\n<p>1937 <br \/>\u2028Participates in the Swedish Pavilion at Expo 37 in Paris.<br \/>\u2028Furniture for Svenska Handelsbanken.<br \/>\u2028Interior design of m\/s Stockholm.<\/p>\r\n<p>1939 <br \/>\u2028Furniture and furnishings at the New York World Fair.<br \/>Furniture for the Swedish Institute in Rome.<\/p>\r\n<p>1940 <br \/>\u2028Exhibition and office moves to Strandv\u00e4gen 5B and V\u00e4pnargatan 8\u2028.<br \/>Participates in <em>Bo b\u00e4ttre<\/em> (Better living) at R\u00f6hsska Museum of Design and Craft.<\/p>\r\n<p>1943 <br \/><em>Meet the \u2028Utility Artist<\/em> at Nationalmuseum.<\/p>\r\n<p>1944 \u2028<br \/>Solo exhibition; <em>From Bark Boat to Own Home<\/em>, at Nationalmuseum\u2028.<br \/>Carl Malmsten AB is formed.<\/p>\r\n<p>1946 <br \/>\u2028Starts and holds summer courses at Viggbyholmsskolan.<\/p>\r\n<p>1947\u201349 <br \/>\u2028Furnishings for the Supreme Court in Stockholm.<\/p>\r\n<p>1948 <br \/>\u2028Woodcraft teacher at Konstfackskolan.<\/p>\r\n<p>1948\u201350 <br \/>\u2028Furniture for the Swedish Riksdag.<\/p>\r\n<p>1949 <br \/><em>\u2028Mittens rike<\/em> (Middle Kingdom) \u2013 a summary of the setting up of Nyckelviksskolan.<\/p>\r\n<p>1950 <br \/>\u2028Workshop moves to the new Hantverkshuset (Arts and Crafts Building), Renstiernas gata 12.<\/p>\r\n<p>1955 <br \/>\u2028Nyckelbr\u00f6dernas f\u00f6rbund (Association of Key Brothers) is founded\u2028.<br \/>Participates in the exhibition H55 in Helsingborg.<\/p>\r\n<p>1956 <br \/>\u2028Key Brothers\u2019 exhibition<em> Levande Svensk tradition<\/em> (Living Swedish Tradition) at R\u00f6hsska Museum of Design and Craft.<\/p>\r\n<p>1957 <br \/>\u2028Capellag\u00e5rden is acquired.<\/p>\r\n<p>1958 <br \/>\u202870th jubilee exhibition <em>Bo i ro<\/em> (Peaceful living) on Strandv\u00e4gen 5B\u2028.<br \/>First summer course at Capellag\u00e5rden.<\/p>\r\n<p>1959\u201360 <br \/>\u2028Furnishing of several rooms at Folksam Insurance in Stockholm.<\/p>\r\n<p>1964 <br \/>\u2028Participated in the exhibition <em>Svenska stolar<\/em> (Swedish Chairs) at Nationalmuseum.<\/p>\r\n<p>1969 <br \/><em>\u2028Rot och krona<\/em> (Root and Crown), the last major exhibition, at Liljevalchs.<\/p>\r\n<p>1972 <br \/>\u2028Carl Malmsten dies on the 13th of August.<\/p>","protected":false},"excerpt":{"rendered":"<p>Carl Malmsten through the years 1888\u00a0\u2028Charley Per Henrik (Carl) Malmsten is born on the 7th of December. 1910\u201312\u00a0\u2028Apprenticed to the master carpenter Pelle J\u00f6nsson, Stockholm. 1912\u201315\u00a0\u2028Self-studies within handicrafts and architecture. 1916\u00a0\u2028First and second prize for writing desk and chair for Stockholm City Hall. 1916\u201323\u00a0\u2028Furniture for Stockholm City Hall. 1917\u00a0\u2028Marries Siv Munthe\u2028.Participates in the Home Exhibition [&hellip;]<\/p>\n","protected":false},"author":8,"featured_media":15,"parent":2768,"menu_order":9,"comment_status":"closed","ping_status":"closed","template":"","meta":{"_acf_changed":false,"inline_featured_image":false,"footnotes":""},"class_list":["post-5102","page","type-page","status-publish","has-post-thumbnail","hentry"],"acf":[],"yoast_head":"<!-- This site is optimized with the Yoast SEO plugin v26.4 - https:\/\/yoast.com\/wordpress\/plugins\/seo\/ -->\n<title>Timeline - Carl Malmsten<\/title>\n<meta name=\"robots\" content=\"index, follow, max-snippet:-1, max-image-preview:large, max-video-preview:-1\" \/>\n<link rel=\"canonical\" href=\"https:\/\/carlmalmstenstiftelsen.se\/en\/carl-malmsten\/timeline\/\" \/>\n<meta property=\"og:locale\" content=\"en_US\" \/>\n<meta property=\"og:type\" content=\"article\" \/>\n<meta property=\"og:title\" content=\"Timeline - Carl Malmsten\" \/>\n<meta property=\"og:description\" content=\"Carl Malmsten through the years 1888\u00a0\u2028Charley Per Henrik (Carl) Malmsten is born on the 7th of December. 1910\u201312\u00a0\u2028Apprenticed to the master carpenter Pelle J\u00f6nsson, Stockholm. 1912\u201315\u00a0\u2028Self-studies within handicrafts and architecture. 1916\u00a0\u2028First and second prize for writing desk and chair for Stockholm City Hall. 1916\u201323\u00a0\u2028Furniture for Stockholm City Hall. 1917\u00a0\u2028Marries Siv Munthe\u2028.Participates in the Home Exhibition [&hellip;]\" \/>\n<meta property=\"og:url\" content=\"https:\/\/carlmalmstenstiftelsen.se\/en\/carl-malmsten\/timeline\/\" \/>\n<meta property=\"og:site_name\" content=\"Carl Malmsten\" \/>\n<meta property=\"article:modified_time\" content=\"2022-12-16T14:13:56+00:00\" \/>\n<meta property=\"og:image\" content=\"https:\/\/carlmalmstenstiftelsen.se\/wp-content\/uploads\/2018\/12\/carlmalmsten.jpg\" \/>\n\t<meta property=\"og:image:width\" content=\"1326\" \/>\n\t<meta property=\"og:image:height\" content=\"1836\" \/>\n\t<meta property=\"og:image:type\" content=\"image\/jpeg\" \/>\n<meta name=\"twitter:card\" content=\"summary_large_image\" \/>\n<meta name=\"twitter:label1\" content=\"Est. reading time\" \/>\n\t<meta name=\"twitter:data1\" content=\"3 minutes\" \/>\n<script type=\"application\/ld+json\" class=\"yoast-schema-graph\">{\"@context\":\"https:\/\/schema.org\",\"@graph\":[{\"@type\":\"WebPage\",\"@id\":\"https:\/\/carlmalmstenstiftelsen.se\/en\/carl-malmsten\/timeline\/\",\"url\":\"https:\/\/carlmalmstenstiftelsen.se\/en\/carl-malmsten\/timeline\/\",\"name\":\"Timeline - Carl Malmsten\",\"isPartOf\":{\"@id\":\"https:\/\/carlmalmstenstiftelsen.se\/en\/#website\"},\"primaryImageOfPage\":{\"@id\":\"https:\/\/carlmalmstenstiftelsen.se\/en\/carl-malmsten\/timeline\/#primaryimage\"},\"image\":{\"@id\":\"https:\/\/carlmalmstenstiftelsen.se\/en\/carl-malmsten\/timeline\/#primaryimage\"},\"thumbnailUrl\":\"https:\/\/carlmalmstenstiftelsen.se\/wp-content\/uploads\/2018\/12\/carlmalmsten.jpg\",\"datePublished\":\"2022-12-16T14:12:37+00:00\",\"dateModified\":\"2022-12-16T14:13:56+00:00\",\"breadcrumb\":{\"@id\":\"https:\/\/carlmalmstenstiftelsen.se\/en\/carl-malmsten\/timeline\/#breadcrumb\"},\"inLanguage\":\"en-US\",\"potentialAction\":[{\"@type\":\"ReadAction\",\"target\":[\"https:\/\/carlmalmstenstiftelsen.se\/en\/carl-malmsten\/timeline\/\"]}]},{\"@type\":\"ImageObject\",\"inLanguage\":\"en-US\",\"@id\":\"https:\/\/carlmalmstenstiftelsen.se\/en\/carl-malmsten\/timeline\/#primaryimage\",\"url\":\"https:\/\/carlmalmstenstiftelsen.se\/wp-content\/uploads\/2018\/12\/carlmalmsten.jpg\",\"contentUrl\":\"https:\/\/carlmalmstenstiftelsen.se\/wp-content\/uploads\/2018\/12\/carlmalmsten.jpg\",\"width\":1326,\"height\":1836},{\"@type\":\"BreadcrumbList\",\"@id\":\"https:\/\/carlmalmstenstiftelsen.se\/en\/carl-malmsten\/timeline\/#breadcrumb\",\"itemListElement\":[{\"@type\":\"ListItem\",\"position\":1,\"name\":\"Hem\",\"item\":\"https:\/\/carlmalmstenstiftelsen.se\/en\/\"},{\"@type\":\"ListItem\",\"position\":2,\"name\":\"Carl Malmsten\",\"item\":\"https:\/\/carlmalmstenstiftelsen.se\/en\/carl-malmsten\/\"},{\"@type\":\"ListItem\",\"position\":3,\"name\":\"Timeline\"}]},{\"@type\":\"WebSite\",\"@id\":\"https:\/\/carlmalmstenstiftelsen.se\/en\/#website\",\"url\":\"https:\/\/carlmalmstenstiftelsen.se\/en\/\",\"name\":\"Carl Malmsten\",\"description\":\"M\u00f6belm\u00e4staren\",\"publisher\":{\"@id\":\"https:\/\/carlmalmstenstiftelsen.se\/en\/#organization\"},\"potentialAction\":[{\"@type\":\"SearchAction\",\"target\":{\"@type\":\"EntryPoint\",\"urlTemplate\":\"https:\/\/carlmalmstenstiftelsen.se\/en\/?s={search_term_string}\"},\"query-input\":{\"@type\":\"PropertyValueSpecification\",\"valueRequired\":true,\"valueName\":\"search_term_string\"}}],\"inLanguage\":\"en-US\"},{\"@type\":\"Organization\",\"@id\":\"https:\/\/carlmalmstenstiftelsen.se\/en\/#organization\",\"name\":\"Carl Malmsten\",\"url\":\"https:\/\/carlmalmstenstiftelsen.se\/en\/\",\"logo\":{\"@type\":\"ImageObject\",\"inLanguage\":\"en-US\",\"@id\":\"https:\/\/carlmalmstenstiftelsen.se\/en\/#\/schema\/logo\/image\/\",\"url\":\"https:\/\/carlmalmstenstiftelsen.se\/wp-content\/uploads\/2023\/01\/STIFTELSEN-sigill-svart-3.png\",\"contentUrl\":\"https:\/\/carlmalmstenstiftelsen.se\/wp-content\/uploads\/2023\/01\/STIFTELSEN-sigill-svart-3.png\",\"width\":1442,\"height\":854,\"caption\":\"Carl Malmsten\"},\"image\":{\"@id\":\"https:\/\/carlmalmstenstiftelsen.se\/en\/#\/schema\/logo\/image\/\"}}]}<\/script>\n<!-- \/ Yoast SEO plugin. -->","yoast_head_json":{"title":"Timeline - Carl Malmsten","robots":{"index":"index","follow":"follow","max-snippet":"max-snippet:-1","max-image-preview":"max-image-preview:large","max-video-preview":"max-video-preview:-1"},"canonical":"https:\/\/carlmalmstenstiftelsen.se\/en\/carl-malmsten\/timeline\/","og_locale":"en_US","og_type":"article","og_title":"Timeline - Carl Malmsten","og_description":"Carl Malmsten through the years 1888\u00a0\u2028Charley Per Henrik (Carl) Malmsten is born on the 7th of December. 1910\u201312\u00a0\u2028Apprenticed to the master carpenter Pelle J\u00f6nsson, Stockholm. 1912\u201315\u00a0\u2028Self-studies within handicrafts and architecture. 1916\u00a0\u2028First and second prize for writing desk and chair for Stockholm City Hall. 1916\u201323\u00a0\u2028Furniture for Stockholm City Hall. 1917\u00a0\u2028Marries Siv Munthe\u2028.Participates in the Home Exhibition [&hellip;]","og_url":"https:\/\/carlmalmstenstiftelsen.se\/en\/carl-malmsten\/timeline\/","og_site_name":"Carl Malmsten","article_modified_time":"2022-12-16T14:13:56+00:00","og_image":[{"width":1326,"height":1836,"url":"https:\/\/carlmalmstenstiftelsen.se\/wp-content\/uploads\/2018\/12\/carlmalmsten.jpg","type":"image\/jpeg"}],"twitter_card":"summary_large_image","twitter_misc":{"Est. reading time":"3 minutes"},"schema":{"@context":"https:\/\/schema.org","@graph":[{"@type":"WebPage","@id":"https:\/\/carlmalmstenstiftelsen.se\/en\/carl-malmsten\/timeline\/","url":"https:\/\/carlmalmstenstiftelsen.se\/en\/carl-malmsten\/timeline\/","name":"Timeline - Carl Malmsten","isPartOf":{"@id":"https:\/\/carlmalmstenstiftelsen.se\/en\/#website"},"primaryImageOfPage":{"@id":"https:\/\/carlmalmstenstiftelsen.se\/en\/carl-malmsten\/timeline\/#primaryimage"},"image":{"@id":"https:\/\/carlmalmstenstiftelsen.se\/en\/carl-malmsten\/timeline\/#primaryimage"},"thumbnailUrl":"https:\/\/carlmalmstenstiftelsen.se\/wp-content\/uploads\/2018\/12\/carlmalmsten.jpg","datePublished":"2022-12-16T14:12:37+00:00","dateModified":"2022-12-16T14:13:56+00:00","breadcrumb":{"@id":"https:\/\/carlmalmstenstiftelsen.se\/en\/carl-malmsten\/timeline\/#breadcrumb"},"inLanguage":"en-US","potentialAction":[{"@type":"ReadAction","target":["https:\/\/carlmalmstenstiftelsen.se\/en\/carl-malmsten\/timeline\/"]}]},{"@type":"ImageObject","inLanguage":"en-US","@id":"https:\/\/carlmalmstenstiftelsen.se\/en\/carl-malmsten\/timeline\/#primaryimage","url":"https:\/\/carlmalmstenstiftelsen.se\/wp-content\/uploads\/2018\/12\/carlmalmsten.jpg","contentUrl":"https:\/\/carlmalmstenstiftelsen.se\/wp-content\/uploads\/2018\/12\/carlmalmsten.jpg","width":1326,"height":1836},{"@type":"BreadcrumbList","@id":"https:\/\/carlmalmstenstiftelsen.se\/en\/carl-malmsten\/timeline\/#breadcrumb","itemListElement":[{"@type":"ListItem","position":1,"name":"Hem","item":"https:\/\/carlmalmstenstiftelsen.se\/en\/"},{"@type":"ListItem","position":2,"name":"Carl Malmsten","item":"https:\/\/carlmalmstenstiftelsen.se\/en\/carl-malmsten\/"},{"@type":"ListItem","position":3,"name":"Timeline"}]},{"@type":"WebSite","@id":"https:\/\/carlmalmstenstiftelsen.se\/en\/#website","url":"https:\/\/carlmalmstenstiftelsen.se\/en\/","name":"Carl Malmsten","description":"M\u00f6belm\u00e4staren","publisher":{"@id":"https:\/\/carlmalmstenstiftelsen.se\/en\/#organization"},"potentialAction":[{"@type":"SearchAction","target":{"@type":"EntryPoint","urlTemplate":"https:\/\/carlmalmstenstiftelsen.se\/en\/?s={search_term_string}"},"query-input":{"@type":"PropertyValueSpecification","valueRequired":true,"valueName":"search_term_string"}}],"inLanguage":"en-US"},{"@type":"Organization","@id":"https:\/\/carlmalmstenstiftelsen.se\/en\/#organization","name":"Carl Malmsten","url":"https:\/\/carlmalmstenstiftelsen.se\/en\/","logo":{"@type":"ImageObject","inLanguage":"en-US","@id":"https:\/\/carlmalmstenstiftelsen.se\/en\/#\/schema\/logo\/image\/","url":"https:\/\/carlmalmstenstiftelsen.se\/wp-content\/uploads\/2023\/01\/STIFTELSEN-sigill-svart-3.png","contentUrl":"https:\/\/carlmalmstenstiftelsen.se\/wp-content\/uploads\/2023\/01\/STIFTELSEN-sigill-svart-3.png","width":1442,"height":854,"caption":"Carl Malmsten"},"image":{"@id":"https:\/\/carlmalmstenstiftelsen.se\/en\/#\/schema\/logo\/image\/"}}]}},"_links":{"self":[{"href":"https:\/\/carlmalmstenstiftelsen.se\/en\/wp-json\/wp\/v2\/pages\/5102","targetHints":{"allow":["GET"]}}],"collection":[{"href":"https:\/\/carlmalmstenstiftelsen.se\/en\/wp-json\/wp\/v2\/pages"}],"about":[{"href":"https:\/\/carlmalmstenstiftelsen.se\/en\/wp-json\/wp\/v2\/types\/page"}],"author":[{"embeddable":true,"href":"https:\/\/carlmalmstenstiftelsen.se\/en\/wp-json\/wp\/v2\/users\/8"}],"replies":[{"embeddable":true,"href":"https:\/\/carlmalmstenstiftelsen.se\/en\/wp-json\/wp\/v2\/comments?post=5102"}],"version-history":[{"count":4,"href":"https:\/\/carlmalmstenstiftelsen.se\/en\/wp-json\/wp\/v2\/pages\/5102\/revisions"}],"predecessor-version":[{"id":5108,"href":"https:\/\/carlmalmstenstiftelsen.se\/en\/wp-json\/wp\/v2\/pages\/5102\/revisions\/5108"}],"up":[{"embeddable":true,"href":"https:\/\/carlmalmstenstiftelsen.se\/en\/wp-json\/wp\/v2\/pages\/2768"}],"wp:featuredmedia":[{"embeddable":true,"href":"https:\/\/carlmalmstenstiftelsen.se\/en\/wp-json\/wp\/v2\/media\/15"}],"wp:attachment":[{"href":"https:\/\/carlmalmstenstiftelsen.se\/en\/wp-json\/wp\/v2\/media?parent=5102"}],"curies":[{"name":"wp","href":"https:\/\/api.w.org\/{rel}","templated":true}]}}