{"id":2892,"date":"2019-01-24T11:25:24","date_gmt":"2019-01-24T10:25:24","guid":{"rendered":"http:\/\/carlmalmsten.se\/stiftelse\/"},"modified":"2024-01-05T14:25:47","modified_gmt":"2024-01-05T13:25:47","slug":"foundation","status":"publish","type":"page","link":"https:\/\/carlmalmstenstiftelsen.se\/en\/foundation\/","title":{"rendered":"Foundation"},"content":{"rendered":"<p>The background to the Foundation is found in the joint will of the spouses Siv and Carl Malmsten. The will makes clear the son Torgil would inherit the controlling interest and ensure the continued running of \u201cthe Malmsten company\u201d (Carl Malmsten AB). Siv survived her husband by fifteen years and died in 1987. Torgil Malmsten then took the initiative to collect all remaining shares by purchase or as donations from relatives, as well as separating the entire company for ownership by our Foundation. During Carl\u2019s lifetime, the company was the centre for all his educational, cultural and commercial activities. The intellectual property rights that were generated within the company, largely by way of drawings and prototypes, therefore provide the basis for the Foundation\u2019s licensing activities. The store business, now on Humleg\u00e5rdsgatan in Stockholm, with the exception of the intellectual property rights, was sold by the Foundation in 1999,\u00a0 \u00a0and is now a retailer for, among other, Carl Malmsten\u2019s designs.<\/p>\n<h3>SIV &amp; CARL MALMSTEN MEMORIAL FOUNDATION:<\/h3>\n<ul>\n<li>\u2013 Selects candidates and awards scholarships<\/li>\n<li>\u2013 Manages relations with the public and authorities<\/li>\n<li>\u2013 Exercises the ownership role of the management company Carl Malmsten AB<\/li>\n<li>\u2013 Otherwise promoted the aims of the Foundation<\/li>\n<\/ul>\n<h3>SCHOLARSHIPS<\/h3>\n<p>The Foundation awards scholarships to Swedish (in this case, Swedish refers to people living in Sweden) people under the age of 40, who are or have been, students at one of Carl Malmsten\u2019s schools or similar educational programmes. And who in their work (work samples; proposals for further development nationally or internationally) show a particular aptitude for carrying on Carl Malmsten\u2019s vision. Read more about scholarships and applications<br \/>\nThe Foundation bases its economy on royalties from licensing its intellectual property rights. The Foundation\u2019s wholly-owned subsidiary Carl Malmsten AB is responsible for the administrative and financial management and negotiates contracts with licencees that have their own manufacturing and marketing of furniture and textiles.<\/p>\n<h3>BOARD 2024<\/h3>\n<p>Nicola Nerstr\u00f6m, chair<br \/>\nHanna Berndalen, secretary<br \/>\nAnnika Malmsten<br \/>\nPeter Malmsten<br \/>\nOlle Dahlkild<br \/>\nMats Norberg<br \/>\nAnnika S\u00f6derqvist<br \/>\nUrban Willows<\/p>\n<h3>Carl Malmsten AB<\/h3>\n<p>Olle Dahlkild, chair<br \/>\nNicola Nerstr\u00f6m<br \/>\nUrban Willows<br \/>\nMartin Johansson<br \/>\nLinda Zetterman<\/p>\n<p>&nbsp;<\/p>\n","protected":false},"excerpt":{"rendered":"<p>The background to the Foundation is found in the joint will of the spouses Siv and Carl Malmsten. The will makes clear the son Torgil would inherit the controlling interest and ensure the continued running of \u201cthe Malmsten company\u201d (Carl Malmsten AB). Siv survived her husband by fifteen years and died in 1987. Torgil Malmsten [&hellip;]<\/p>\n","protected":false},"author":6,"featured_media":2893,"parent":0,"menu_order":43,"comment_status":"closed","ping_status":"closed","template":"","meta":{"_acf_changed":false,"inline_featured_image":false,"footnotes":""},"class_list":["post-2892","page","type-page","status-publish","has-post-thumbnail","hentry"],"acf":[],"yoast_head":"<!-- This site is optimized with the Yoast SEO plugin v26.4 - https:\/\/yoast.com\/wordpress\/plugins\/seo\/ -->\n<title>Foundation - Carl Malmsten<\/title>\n<meta name=\"description\" content=\"Stiftelsens \u00e4ndam\u00e5l \u00e4r att fr\u00e4mja Carl Malmstens pedagogiska vision om det stora v\u00e4rdet av hantverk i f\u00f6rening med konstn\u00e4rlig k\u00e4nsla f\u00f6r att sam\u00f6va m\u00e4nniskans alla sinnen och att leva och verka i harmoni med naturen.\" \/>\n<meta name=\"robots\" content=\"index, follow, max-snippet:-1, max-image-preview:large, max-video-preview:-1\" \/>\n<link rel=\"canonical\" href=\"https:\/\/carlmalmstenstiftelsen.se\/en\/foundation\/\" \/>\n<meta property=\"og:locale\" content=\"en_US\" \/>\n<meta property=\"og:type\" content=\"article\" \/>\n<meta property=\"og:title\" content=\"Foundation - Carl Malmsten\" \/>\n<meta property=\"og:description\" content=\"Stiftelsens \u00e4ndam\u00e5l \u00e4r att fr\u00e4mja Carl Malmstens pedagogiska vision om det stora v\u00e4rdet av hantverk i f\u00f6rening med konstn\u00e4rlig k\u00e4nsla f\u00f6r att sam\u00f6va m\u00e4nniskans alla sinnen och att leva och verka i harmoni med naturen.\" \/>\n<meta property=\"og:url\" content=\"https:\/\/carlmalmstenstiftelsen.se\/en\/foundation\/\" \/>\n<meta property=\"og:site_name\" content=\"Carl Malmsten\" \/>\n<meta property=\"article:modified_time\" content=\"2024-01-05T13:25:47+00:00\" \/>\n<meta property=\"og:image\" content=\"https:\/\/carlmalmstenstiftelsen.se\/wp-content\/uploads\/2019\/01\/mg_6440.jpg\" \/>\n\t<meta property=\"og:image:width\" content=\"894\" \/>\n\t<meta property=\"og:image:height\" content=\"1000\" \/>\n\t<meta property=\"og:image:type\" content=\"image\/jpeg\" \/>\n<meta name=\"twitter:card\" content=\"summary_large_image\" \/>\n<meta name=\"twitter:label1\" content=\"Est. reading time\" \/>\n\t<meta name=\"twitter:data1\" content=\"2 minutes\" \/>\n<script type=\"application\/ld+json\" class=\"yoast-schema-graph\">{\"@context\":\"https:\/\/schema.org\",\"@graph\":[{\"@type\":\"WebPage\",\"@id\":\"https:\/\/carlmalmstenstiftelsen.se\/en\/foundation\/\",\"url\":\"https:\/\/carlmalmstenstiftelsen.se\/en\/foundation\/\",\"name\":\"Foundation - Carl Malmsten\",\"isPartOf\":{\"@id\":\"https:\/\/carlmalmstenstiftelsen.se\/en\/#website\"},\"primaryImageOfPage\":{\"@id\":\"https:\/\/carlmalmstenstiftelsen.se\/en\/foundation\/#primaryimage\"},\"image\":{\"@id\":\"https:\/\/carlmalmstenstiftelsen.se\/en\/foundation\/#primaryimage\"},\"thumbnailUrl\":\"https:\/\/carlmalmstenstiftelsen.se\/wp-content\/uploads\/2019\/01\/mg_6440.jpg\",\"datePublished\":\"2019-01-24T10:25:24+00:00\",\"dateModified\":\"2024-01-05T13:25:47+00:00\",\"description\":\"Stiftelsens \u00e4ndam\u00e5l \u00e4r att fr\u00e4mja Carl Malmstens pedagogiska vision om det stora v\u00e4rdet av hantverk i f\u00f6rening med konstn\u00e4rlig k\u00e4nsla f\u00f6r att sam\u00f6va m\u00e4nniskans alla sinnen och att leva och verka i harmoni med naturen.\",\"breadcrumb\":{\"@id\":\"https:\/\/carlmalmstenstiftelsen.se\/en\/foundation\/#breadcrumb\"},\"inLanguage\":\"en-US\",\"potentialAction\":[{\"@type\":\"ReadAction\",\"target\":[\"https:\/\/carlmalmstenstiftelsen.se\/en\/foundation\/\"]}]},{\"@type\":\"ImageObject\",\"inLanguage\":\"en-US\",\"@id\":\"https:\/\/carlmalmstenstiftelsen.se\/en\/foundation\/#primaryimage\",\"url\":\"https:\/\/carlmalmstenstiftelsen.se\/wp-content\/uploads\/2019\/01\/mg_6440.jpg\",\"contentUrl\":\"https:\/\/carlmalmstenstiftelsen.se\/wp-content\/uploads\/2019\/01\/mg_6440.jpg\",\"width\":894,\"height\":1000},{\"@type\":\"BreadcrumbList\",\"@id\":\"https:\/\/carlmalmstenstiftelsen.se\/en\/foundation\/#breadcrumb\",\"itemListElement\":[{\"@type\":\"ListItem\",\"position\":1,\"name\":\"Hem\",\"item\":\"https:\/\/carlmalmstenstiftelsen.se\/en\/\"},{\"@type\":\"ListItem\",\"position\":2,\"name\":\"Foundation\"}]},{\"@type\":\"WebSite\",\"@id\":\"https:\/\/carlmalmstenstiftelsen.se\/en\/#website\",\"url\":\"https:\/\/carlmalmstenstiftelsen.se\/en\/\",\"name\":\"Carl Malmsten\",\"description\":\"M\u00f6belm\u00e4staren\",\"publisher\":{\"@id\":\"https:\/\/carlmalmstenstiftelsen.se\/en\/#organization\"},\"potentialAction\":[{\"@type\":\"SearchAction\",\"target\":{\"@type\":\"EntryPoint\",\"urlTemplate\":\"https:\/\/carlmalmstenstiftelsen.se\/en\/?s={search_term_string}\"},\"query-input\":{\"@type\":\"PropertyValueSpecification\",\"valueRequired\":true,\"valueName\":\"search_term_string\"}}],\"inLanguage\":\"en-US\"},{\"@type\":\"Organization\",\"@id\":\"https:\/\/carlmalmstenstiftelsen.se\/en\/#organization\",\"name\":\"Carl Malmsten\",\"url\":\"https:\/\/carlmalmstenstiftelsen.se\/en\/\",\"logo\":{\"@type\":\"ImageObject\",\"inLanguage\":\"en-US\",\"@id\":\"https:\/\/carlmalmstenstiftelsen.se\/en\/#\/schema\/logo\/image\/\",\"url\":\"https:\/\/carlmalmstenstiftelsen.se\/wp-content\/uploads\/2023\/01\/STIFTELSEN-sigill-svart-3.png\",\"contentUrl\":\"https:\/\/carlmalmstenstiftelsen.se\/wp-content\/uploads\/2023\/01\/STIFTELSEN-sigill-svart-3.png\",\"width\":1442,\"height\":854,\"caption\":\"Carl Malmsten\"},\"image\":{\"@id\":\"https:\/\/carlmalmstenstiftelsen.se\/en\/#\/schema\/logo\/image\/\"}}]}<\/script>\n<!-- \/ Yoast SEO plugin. -->","yoast_head_json":{"title":"Foundation - Carl Malmsten","description":"Stiftelsens \u00e4ndam\u00e5l \u00e4r att fr\u00e4mja Carl Malmstens pedagogiska vision om det stora v\u00e4rdet av hantverk i f\u00f6rening med konstn\u00e4rlig k\u00e4nsla f\u00f6r att sam\u00f6va m\u00e4nniskans alla sinnen och att leva och verka i harmoni med naturen.","robots":{"index":"index","follow":"follow","max-snippet":"max-snippet:-1","max-image-preview":"max-image-preview:large","max-video-preview":"max-video-preview:-1"},"canonical":"https:\/\/carlmalmstenstiftelsen.se\/en\/foundation\/","og_locale":"en_US","og_type":"article","og_title":"Foundation - Carl Malmsten","og_description":"Stiftelsens \u00e4ndam\u00e5l \u00e4r att fr\u00e4mja Carl Malmstens pedagogiska vision om det stora v\u00e4rdet av hantverk i f\u00f6rening med konstn\u00e4rlig k\u00e4nsla f\u00f6r att sam\u00f6va m\u00e4nniskans alla sinnen och att leva och verka i harmoni med naturen.","og_url":"https:\/\/carlmalmstenstiftelsen.se\/en\/foundation\/","og_site_name":"Carl Malmsten","article_modified_time":"2024-01-05T13:25:47+00:00","og_image":[{"width":894,"height":1000,"url":"https:\/\/carlmalmstenstiftelsen.se\/wp-content\/uploads\/2019\/01\/mg_6440.jpg","type":"image\/jpeg"}],"twitter_card":"summary_large_image","twitter_misc":{"Est. reading time":"2 minutes"},"schema":{"@context":"https:\/\/schema.org","@graph":[{"@type":"WebPage","@id":"https:\/\/carlmalmstenstiftelsen.se\/en\/foundation\/","url":"https:\/\/carlmalmstenstiftelsen.se\/en\/foundation\/","name":"Foundation - Carl Malmsten","isPartOf":{"@id":"https:\/\/carlmalmstenstiftelsen.se\/en\/#website"},"primaryImageOfPage":{"@id":"https:\/\/carlmalmstenstiftelsen.se\/en\/foundation\/#primaryimage"},"image":{"@id":"https:\/\/carlmalmstenstiftelsen.se\/en\/foundation\/#primaryimage"},"thumbnailUrl":"https:\/\/carlmalmstenstiftelsen.se\/wp-content\/uploads\/2019\/01\/mg_6440.jpg","datePublished":"2019-01-24T10:25:24+00:00","dateModified":"2024-01-05T13:25:47+00:00","description":"Stiftelsens \u00e4ndam\u00e5l \u00e4r att fr\u00e4mja Carl Malmstens pedagogiska vision om det stora v\u00e4rdet av hantverk i f\u00f6rening med konstn\u00e4rlig k\u00e4nsla f\u00f6r att sam\u00f6va m\u00e4nniskans alla sinnen och att leva och verka i harmoni med naturen.","breadcrumb":{"@id":"https:\/\/carlmalmstenstiftelsen.se\/en\/foundation\/#breadcrumb"},"inLanguage":"en-US","potentialAction":[{"@type":"ReadAction","target":["https:\/\/carlmalmstenstiftelsen.se\/en\/foundation\/"]}]},{"@type":"ImageObject","inLanguage":"en-US","@id":"https:\/\/carlmalmstenstiftelsen.se\/en\/foundation\/#primaryimage","url":"https:\/\/carlmalmstenstiftelsen.se\/wp-content\/uploads\/2019\/01\/mg_6440.jpg","contentUrl":"https:\/\/carlmalmstenstiftelsen.se\/wp-content\/uploads\/2019\/01\/mg_6440.jpg","width":894,"height":1000},{"@type":"BreadcrumbList","@id":"https:\/\/carlmalmstenstiftelsen.se\/en\/foundation\/#breadcrumb","itemListElement":[{"@type":"ListItem","position":1,"name":"Hem","item":"https:\/\/carlmalmstenstiftelsen.se\/en\/"},{"@type":"ListItem","position":2,"name":"Foundation"}]},{"@type":"WebSite","@id":"https:\/\/carlmalmstenstiftelsen.se\/en\/#website","url":"https:\/\/carlmalmstenstiftelsen.se\/en\/","name":"Carl Malmsten","description":"M\u00f6belm\u00e4staren","publisher":{"@id":"https:\/\/carlmalmstenstiftelsen.se\/en\/#organization"},"potentialAction":[{"@type":"SearchAction","target":{"@type":"EntryPoint","urlTemplate":"https:\/\/carlmalmstenstiftelsen.se\/en\/?s={search_term_string}"},"query-input":{"@type":"PropertyValueSpecification","valueRequired":true,"valueName":"search_term_string"}}],"inLanguage":"en-US"},{"@type":"Organization","@id":"https:\/\/carlmalmstenstiftelsen.se\/en\/#organization","name":"Carl Malmsten","url":"https:\/\/carlmalmstenstiftelsen.se\/en\/","logo":{"@type":"ImageObject","inLanguage":"en-US","@id":"https:\/\/carlmalmstenstiftelsen.se\/en\/#\/schema\/logo\/image\/","url":"https:\/\/carlmalmstenstiftelsen.se\/wp-content\/uploads\/2023\/01\/STIFTELSEN-sigill-svart-3.png","contentUrl":"https:\/\/carlmalmstenstiftelsen.se\/wp-content\/uploads\/2023\/01\/STIFTELSEN-sigill-svart-3.png","width":1442,"height":854,"caption":"Carl Malmsten"},"image":{"@id":"https:\/\/carlmalmstenstiftelsen.se\/en\/#\/schema\/logo\/image\/"}}]}},"_links":{"self":[{"href":"https:\/\/carlmalmstenstiftelsen.se\/en\/wp-json\/wp\/v2\/pages\/2892","targetHints":{"allow":["GET"]}}],"collection":[{"href":"https:\/\/carlmalmstenstiftelsen.se\/en\/wp-json\/wp\/v2\/pages"}],"about":[{"href":"https:\/\/carlmalmstenstiftelsen.se\/en\/wp-json\/wp\/v2\/types\/page"}],"author":[{"embeddable":true,"href":"https:\/\/carlmalmstenstiftelsen.se\/en\/wp-json\/wp\/v2\/users\/6"}],"replies":[{"embeddable":true,"href":"https:\/\/carlmalmstenstiftelsen.se\/en\/wp-json\/wp\/v2\/comments?post=2892"}],"version-history":[{"count":11,"href":"https:\/\/carlmalmstenstiftelsen.se\/en\/wp-json\/wp\/v2\/pages\/2892\/revisions"}],"predecessor-version":[{"id":5628,"href":"https:\/\/carlmalmstenstiftelsen.se\/en\/wp-json\/wp\/v2\/pages\/2892\/revisions\/5628"}],"wp:featuredmedia":[{"embeddable":true,"href":"https:\/\/carlmalmstenstiftelsen.se\/en\/wp-json\/wp\/v2\/media\/2893"}],"wp:attachment":[{"href":"https:\/\/carlmalmstenstiftelsen.se\/en\/wp-json\/wp\/v2\/media?parent=2892"}],"curies":[{"name":"wp","href":"https:\/\/api.w.org\/{rel}","templated":true}]}}