{"id":2888,"date":"2018-12-20T09:52:38","date_gmt":"2018-12-20T08:52:38","guid":{"rendered":"http:\/\/carlmalmsten.se\/litteratur\/"},"modified":"2019-03-18T09:50:50","modified_gmt":"2019-03-18T08:50:50","slug":"literature","status":"publish","type":"page","link":"https:\/\/carlmalmstenstiftelsen.se\/en\/literature\/","title":{"rendered":"Literature"},"content":{"rendered":"\r\n<h2 class=\"wp-block-heading\">Books about Carl Malmsten, a selection<\/h2>\r\n\r\n\r\n\r\n<ul>\r\n<li>Blomquist, Lena:\u00a0<em>Carl Malmsten k\u00e4nd och ok\u00e4nd<\/em> (Jure, 2012)<\/li>\r\n<li>Kindstrand, Gunilla:<em> M\u00f6bler m\u00e4nniskor<\/em> (Carlsson bokf\u00f6rlag, 2009)<\/li>\r\n<li>Lepp, Hans: <em>Stora vardagsrummet p\u00e5 Ulriksdals slott<\/em>, stockholmarnas g\u00e5va till kronprinsparet 1923 (Husger\u00e5dskammaren, 1988)<\/li>\r\n<li>Mikaelsson, Erika: <em>Capellag\u00e5rden<\/em> (Mika media, 1999)<\/li>\r\n<li>Phil Atmer, Ann Katrin: <em>Stockholms stadshus och arkitekten Ragnar \u00d6stberg: dr\u00f6mmen och verkligheten<\/em> (Natur &amp; kultur, 2011)<\/li>\r\n<li>Pravitz, Gunilla: <em>Ett Eden i Vickleby<\/em> (Stiftelsen Capellag\u00e5rden, 2010)<\/li>\r\n<li>Prytz, Daniel, red:<em> Carl Malmsten formgivare och pedagog<\/em> (Carlssons, 2013)<\/li>\r\n<li>Scotte, PeO: <em>Carl Malmstens verkstadsskola 1930-1980<\/em> (Carl Malmstens verkstadsskola, 1980)<\/li>\r\n<li>Sj\u00f6berg, Johan, red: <em>Carl Malmsten uppslagsbok 2015\/16<\/em> (Carl Malmsten Form AB, 2016)<\/li>\r\n<li>Stavenow-Hidemark, Elisabet, red: <em>Inspiration och f\u00f6rnyelse, Carl Malmsten 100 \u00e5r<\/em> (Wiken, 1988)<\/li>\r\n<li>Uitz, J\u00f6rg: <em>Carl Malmsten 1888-1972: Leben Lehrer Werk, 1998<\/em><\/li>\r\n<li>Wahlberg, Anna Greta: <em>Carl Malmsten<\/em> (Bokf\u00f6rlaget Signum, 1988)<\/li>\r\n<li>Wennerholm, Eric: <em>Carl Malmsten hel och h\u00e5llen<\/em> (Bonnier, 1969)<\/li>\r\n<\/ul>\r\n\r\n\r\n\r\n<h2 class=\"wp-block-heading\">Books by Carl Malmsten<\/h2>\r\n\r\n\r\n\r\n<ul>\r\n<li><em>Om svenska karakt\u00e4ren inom konstkulturen<\/em>, 1916<\/li>\r\n<li><em>Sk\u00f6nhet och trevnad i hemmet: det enkla svenska hemmet<\/em>, 1924<\/li>\r\n<li><em>Fr\u00e5n barkb\u00e5t till eget hem: en utst\u00e4llning i Carl Malmstens regi<\/em>, Nationalmuseums utst\u00e4llningskatalog, 1944<\/li>\r\n<li><em>Mittens rike: en bok om handens verk och m\u00e4nsklig odling<\/em>, 1949<\/li>\r\n<li><em>Sl\u00f6jda leksaker<\/em>, 1955<\/li>\r\n<li><em>Levande svensk tradition<\/em>, R\u00f6hsska konstsl\u00f6jdmuseet, 1956<\/li>\r\n<li><em>Bo i ro<\/em>, 1958<\/li>\r\n<li><em>L\u00e4rlingar och m\u00e4stare<\/em>, 1963<\/li>\r\n<li><em>Annorlunda brobygge<\/em>, 1964<\/li>\r\n<li><em>\u00c5terblick och rannsakan<\/em>, 1966<\/li>\r\n<li><em>Rot och krona<\/em>, Liljevalchs konsthall, 1969<\/li>\r\n<\/ul>\r\n","protected":false},"excerpt":{"rendered":"<p>Books about Carl Malmsten, a selection Blomquist, Lena:\u00a0Carl Malmsten k\u00e4nd och ok\u00e4nd (Jure, 2012) Kindstrand, Gunilla: M\u00f6bler m\u00e4nniskor (Carlsson bokf\u00f6rlag, 2009) Lepp, Hans: Stora vardagsrummet p\u00e5 Ulriksdals slott, stockholmarnas g\u00e5va till kronprinsparet 1923 (Husger\u00e5dskammaren, 1988) Mikaelsson, Erika: Capellag\u00e5rden (Mika media, 1999) Phil Atmer, Ann Katrin: Stockholms stadshus och arkitekten Ragnar \u00d6stberg: dr\u00f6mmen och verkligheten (Natur [&hellip;]<\/p>\n","protected":false},"author":6,"featured_media":2849,"parent":0,"menu_order":32,"comment_status":"closed","ping_status":"closed","template":"","meta":{"_acf_changed":false,"inline_featured_image":false,"footnotes":""},"class_list":["post-2888","page","type-page","status-publish","has-post-thumbnail","hentry"],"acf":[],"yoast_head":"<!-- This site is optimized with the Yoast SEO plugin v26.4 - https:\/\/yoast.com\/wordpress\/plugins\/seo\/ -->\n<title>Literature - Carl Malmsten<\/title>\n<meta name=\"description\" content=\"Litteratur om och av Carl Malmsten, m\u00f6belskapare, inredningsarkitekt, pedagog och grundare av en rad hantverksskolor.\" \/>\n<meta name=\"robots\" content=\"index, follow, max-snippet:-1, max-image-preview:large, max-video-preview:-1\" \/>\n<link rel=\"canonical\" href=\"https:\/\/carlmalmstenstiftelsen.se\/en\/literature\/\" \/>\n<meta property=\"og:locale\" content=\"en_US\" \/>\n<meta property=\"og:type\" content=\"article\" \/>\n<meta property=\"og:title\" content=\"Literature - Carl Malmsten\" \/>\n<meta property=\"og:description\" content=\"Litteratur om och av Carl Malmsten, m\u00f6belskapare, inredningsarkitekt, pedagog och grundare av en rad hantverksskolor.\" \/>\n<meta property=\"og:url\" content=\"https:\/\/carlmalmstenstiftelsen.se\/en\/literature\/\" \/>\n<meta property=\"og:site_name\" content=\"Carl Malmsten\" \/>\n<meta property=\"article:modified_time\" content=\"2019-03-18T08:50:50+00:00\" \/>\n<meta property=\"og:image\" content=\"https:\/\/carlmalmstenstiftelsen.se\/wp-content\/uploads\/2019\/01\/158_mg_6180-1.jpg\" \/>\n\t<meta property=\"og:image:width\" content=\"1000\" \/>\n\t<meta property=\"og:image:height\" content=\"415\" \/>\n\t<meta property=\"og:image:type\" content=\"image\/jpeg\" \/>\n<meta name=\"twitter:card\" content=\"summary_large_image\" \/>\n<meta name=\"twitter:label1\" content=\"Est. reading time\" \/>\n\t<meta name=\"twitter:data1\" content=\"1 minute\" \/>\n<script type=\"application\/ld+json\" class=\"yoast-schema-graph\">{\"@context\":\"https:\/\/schema.org\",\"@graph\":[{\"@type\":\"WebPage\",\"@id\":\"https:\/\/carlmalmstenstiftelsen.se\/en\/literature\/\",\"url\":\"https:\/\/carlmalmstenstiftelsen.se\/en\/literature\/\",\"name\":\"Literature - Carl Malmsten\",\"isPartOf\":{\"@id\":\"https:\/\/carlmalmstenstiftelsen.se\/en\/#website\"},\"primaryImageOfPage\":{\"@id\":\"https:\/\/carlmalmstenstiftelsen.se\/en\/literature\/#primaryimage\"},\"image\":{\"@id\":\"https:\/\/carlmalmstenstiftelsen.se\/en\/literature\/#primaryimage\"},\"thumbnailUrl\":\"https:\/\/carlmalmstenstiftelsen.se\/wp-content\/uploads\/2019\/01\/158_mg_6180-1.jpg\",\"datePublished\":\"2018-12-20T08:52:38+00:00\",\"dateModified\":\"2019-03-18T08:50:50+00:00\",\"description\":\"Litteratur om och av Carl Malmsten, m\u00f6belskapare, inredningsarkitekt, pedagog och grundare av en rad hantverksskolor.\",\"breadcrumb\":{\"@id\":\"https:\/\/carlmalmstenstiftelsen.se\/en\/literature\/#breadcrumb\"},\"inLanguage\":\"en-US\",\"potentialAction\":[{\"@type\":\"ReadAction\",\"target\":[\"https:\/\/carlmalmstenstiftelsen.se\/en\/literature\/\"]}]},{\"@type\":\"ImageObject\",\"inLanguage\":\"en-US\",\"@id\":\"https:\/\/carlmalmstenstiftelsen.se\/en\/literature\/#primaryimage\",\"url\":\"https:\/\/carlmalmstenstiftelsen.se\/wp-content\/uploads\/2019\/01\/158_mg_6180-1.jpg\",\"contentUrl\":\"https:\/\/carlmalmstenstiftelsen.se\/wp-content\/uploads\/2019\/01\/158_mg_6180-1.jpg\",\"width\":1000,\"height\":415},{\"@type\":\"BreadcrumbList\",\"@id\":\"https:\/\/carlmalmstenstiftelsen.se\/en\/literature\/#breadcrumb\",\"itemListElement\":[{\"@type\":\"ListItem\",\"position\":1,\"name\":\"Hem\",\"item\":\"https:\/\/carlmalmstenstiftelsen.se\/en\/\"},{\"@type\":\"ListItem\",\"position\":2,\"name\":\"Literature\"}]},{\"@type\":\"WebSite\",\"@id\":\"https:\/\/carlmalmstenstiftelsen.se\/en\/#website\",\"url\":\"https:\/\/carlmalmstenstiftelsen.se\/en\/\",\"name\":\"Carl Malmsten\",\"description\":\"M\u00f6belm\u00e4staren\",\"publisher\":{\"@id\":\"https:\/\/carlmalmstenstiftelsen.se\/en\/#organization\"},\"potentialAction\":[{\"@type\":\"SearchAction\",\"target\":{\"@type\":\"EntryPoint\",\"urlTemplate\":\"https:\/\/carlmalmstenstiftelsen.se\/en\/?s={search_term_string}\"},\"query-input\":{\"@type\":\"PropertyValueSpecification\",\"valueRequired\":true,\"valueName\":\"search_term_string\"}}],\"inLanguage\":\"en-US\"},{\"@type\":\"Organization\",\"@id\":\"https:\/\/carlmalmstenstiftelsen.se\/en\/#organization\",\"name\":\"Carl Malmsten\",\"url\":\"https:\/\/carlmalmstenstiftelsen.se\/en\/\",\"logo\":{\"@type\":\"ImageObject\",\"inLanguage\":\"en-US\",\"@id\":\"https:\/\/carlmalmstenstiftelsen.se\/en\/#\/schema\/logo\/image\/\",\"url\":\"https:\/\/carlmalmstenstiftelsen.se\/wp-content\/uploads\/2023\/01\/STIFTELSEN-sigill-svart-3.png\",\"contentUrl\":\"https:\/\/carlmalmstenstiftelsen.se\/wp-content\/uploads\/2023\/01\/STIFTELSEN-sigill-svart-3.png\",\"width\":1442,\"height\":854,\"caption\":\"Carl Malmsten\"},\"image\":{\"@id\":\"https:\/\/carlmalmstenstiftelsen.se\/en\/#\/schema\/logo\/image\/\"}}]}<\/script>\n<!-- \/ Yoast SEO plugin. -->","yoast_head_json":{"title":"Literature - Carl Malmsten","description":"Litteratur om och av Carl Malmsten, m\u00f6belskapare, inredningsarkitekt, pedagog och grundare av en rad hantverksskolor.","robots":{"index":"index","follow":"follow","max-snippet":"max-snippet:-1","max-image-preview":"max-image-preview:large","max-video-preview":"max-video-preview:-1"},"canonical":"https:\/\/carlmalmstenstiftelsen.se\/en\/literature\/","og_locale":"en_US","og_type":"article","og_title":"Literature - Carl Malmsten","og_description":"Litteratur om och av Carl Malmsten, m\u00f6belskapare, inredningsarkitekt, pedagog och grundare av en rad hantverksskolor.","og_url":"https:\/\/carlmalmstenstiftelsen.se\/en\/literature\/","og_site_name":"Carl Malmsten","article_modified_time":"2019-03-18T08:50:50+00:00","og_image":[{"width":1000,"height":415,"url":"https:\/\/carlmalmstenstiftelsen.se\/wp-content\/uploads\/2019\/01\/158_mg_6180-1.jpg","type":"image\/jpeg"}],"twitter_card":"summary_large_image","twitter_misc":{"Est. reading time":"1 minute"},"schema":{"@context":"https:\/\/schema.org","@graph":[{"@type":"WebPage","@id":"https:\/\/carlmalmstenstiftelsen.se\/en\/literature\/","url":"https:\/\/carlmalmstenstiftelsen.se\/en\/literature\/","name":"Literature - Carl Malmsten","isPartOf":{"@id":"https:\/\/carlmalmstenstiftelsen.se\/en\/#website"},"primaryImageOfPage":{"@id":"https:\/\/carlmalmstenstiftelsen.se\/en\/literature\/#primaryimage"},"image":{"@id":"https:\/\/carlmalmstenstiftelsen.se\/en\/literature\/#primaryimage"},"thumbnailUrl":"https:\/\/carlmalmstenstiftelsen.se\/wp-content\/uploads\/2019\/01\/158_mg_6180-1.jpg","datePublished":"2018-12-20T08:52:38+00:00","dateModified":"2019-03-18T08:50:50+00:00","description":"Litteratur om och av Carl Malmsten, m\u00f6belskapare, inredningsarkitekt, pedagog och grundare av en rad hantverksskolor.","breadcrumb":{"@id":"https:\/\/carlmalmstenstiftelsen.se\/en\/literature\/#breadcrumb"},"inLanguage":"en-US","potentialAction":[{"@type":"ReadAction","target":["https:\/\/carlmalmstenstiftelsen.se\/en\/literature\/"]}]},{"@type":"ImageObject","inLanguage":"en-US","@id":"https:\/\/carlmalmstenstiftelsen.se\/en\/literature\/#primaryimage","url":"https:\/\/carlmalmstenstiftelsen.se\/wp-content\/uploads\/2019\/01\/158_mg_6180-1.jpg","contentUrl":"https:\/\/carlmalmstenstiftelsen.se\/wp-content\/uploads\/2019\/01\/158_mg_6180-1.jpg","width":1000,"height":415},{"@type":"BreadcrumbList","@id":"https:\/\/carlmalmstenstiftelsen.se\/en\/literature\/#breadcrumb","itemListElement":[{"@type":"ListItem","position":1,"name":"Hem","item":"https:\/\/carlmalmstenstiftelsen.se\/en\/"},{"@type":"ListItem","position":2,"name":"Literature"}]},{"@type":"WebSite","@id":"https:\/\/carlmalmstenstiftelsen.se\/en\/#website","url":"https:\/\/carlmalmstenstiftelsen.se\/en\/","name":"Carl Malmsten","description":"M\u00f6belm\u00e4staren","publisher":{"@id":"https:\/\/carlmalmstenstiftelsen.se\/en\/#organization"},"potentialAction":[{"@type":"SearchAction","target":{"@type":"EntryPoint","urlTemplate":"https:\/\/carlmalmstenstiftelsen.se\/en\/?s={search_term_string}"},"query-input":{"@type":"PropertyValueSpecification","valueRequired":true,"valueName":"search_term_string"}}],"inLanguage":"en-US"},{"@type":"Organization","@id":"https:\/\/carlmalmstenstiftelsen.se\/en\/#organization","name":"Carl Malmsten","url":"https:\/\/carlmalmstenstiftelsen.se\/en\/","logo":{"@type":"ImageObject","inLanguage":"en-US","@id":"https:\/\/carlmalmstenstiftelsen.se\/en\/#\/schema\/logo\/image\/","url":"https:\/\/carlmalmstenstiftelsen.se\/wp-content\/uploads\/2023\/01\/STIFTELSEN-sigill-svart-3.png","contentUrl":"https:\/\/carlmalmstenstiftelsen.se\/wp-content\/uploads\/2023\/01\/STIFTELSEN-sigill-svart-3.png","width":1442,"height":854,"caption":"Carl Malmsten"},"image":{"@id":"https:\/\/carlmalmstenstiftelsen.se\/en\/#\/schema\/logo\/image\/"}}]}},"_links":{"self":[{"href":"https:\/\/carlmalmstenstiftelsen.se\/en\/wp-json\/wp\/v2\/pages\/2888","targetHints":{"allow":["GET"]}}],"collection":[{"href":"https:\/\/carlmalmstenstiftelsen.se\/en\/wp-json\/wp\/v2\/pages"}],"about":[{"href":"https:\/\/carlmalmstenstiftelsen.se\/en\/wp-json\/wp\/v2\/types\/page"}],"author":[{"embeddable":true,"href":"https:\/\/carlmalmstenstiftelsen.se\/en\/wp-json\/wp\/v2\/users\/6"}],"replies":[{"embeddable":true,"href":"https:\/\/carlmalmstenstiftelsen.se\/en\/wp-json\/wp\/v2\/comments?post=2888"}],"version-history":[{"count":1,"href":"https:\/\/carlmalmstenstiftelsen.se\/en\/wp-json\/wp\/v2\/pages\/2888\/revisions"}],"predecessor-version":[{"id":2890,"href":"https:\/\/carlmalmstenstiftelsen.se\/en\/wp-json\/wp\/v2\/pages\/2888\/revisions\/2890"}],"wp:featuredmedia":[{"embeddable":true,"href":"https:\/\/carlmalmstenstiftelsen.se\/en\/wp-json\/wp\/v2\/media\/2849"}],"wp:attachment":[{"href":"https:\/\/carlmalmstenstiftelsen.se\/en\/wp-json\/wp\/v2\/media?parent=2888"}],"curies":[{"name":"wp","href":"https:\/\/api.w.org\/{rel}","templated":true}]}}