{"id":2768,"date":"2018-12-07T13:22:15","date_gmt":"2018-12-07T12:22:15","guid":{"rendered":"http:\/\/carlmalmsten.se\/carl-malmsten\/"},"modified":"2022-12-16T15:11:20","modified_gmt":"2022-12-16T14:11:20","slug":"carl-malmsten","status":"publish","type":"page","link":"https:\/\/carlmalmstenstiftelsen.se\/en\/carl-malmsten\/","title":{"rendered":"Carl Malmsten"},"content":{"rendered":"\r\n<p>\u201cNeither light, nor eyes or people like bumping into sharp corners\u201d, he explained. Therefore, all edges had to be smoothed so that they were kinder to the eye and to the touch. Carl Malmsten (1888\u20131972) is not only one of the most famous furniture designer in Sweden. He was also one of the great cultural celebrities of the last century, with a strong influence on domestic and public environments and the social debate of the time.<\/p>\r\n\r\n\r\n\r\n<div id=\"attachment_1636\" style=\"width: 1374px\" class=\"wp-caption alignnone\"><img loading=\"lazy\" decoding=\"async\" aria-describedby=\"caption-attachment-1636\" class=\"wp-image-1636 size-full\" src=\"http:\/\/194.68.59.100\/~malmsten\/wp-content\/uploads\/2019\/01\/tndstickspalatset.jpg\" alt=\"\" width=\"1364\" height=\"1000\" srcset=\"https:\/\/carlmalmstenstiftelsen.se\/wp-content\/uploads\/2019\/01\/tndstickspalatset.jpg 1364w, https:\/\/carlmalmstenstiftelsen.se\/wp-content\/uploads\/2019\/01\/tndstickspalatset-300x220.jpg 300w, https:\/\/carlmalmstenstiftelsen.se\/wp-content\/uploads\/2019\/01\/tndstickspalatset-768x563.jpg 768w, https:\/\/carlmalmstenstiftelsen.se\/wp-content\/uploads\/2019\/01\/tndstickspalatset-1024x751.jpg 1024w, https:\/\/carlmalmstenstiftelsen.se\/wp-content\/uploads\/2019\/01\/tndstickspalatset-1000x733.jpg 1000w\" sizes=\"auto, (max-width: 1364px) 100vw, 1364px\" \/><p id=\"caption-attachment-1636\" class=\"wp-caption-text\">Matchstick Palace<\/p><\/div>\r\n<p>His career started in 1915. When the results of a furniture competition for the massive new building project, the Stockholm City Hall, were announced, the surprised jury realised that they had awarded both first and second prize to a hitherto unknown designer. The interior of the Council Chamber and other meeting rooms in the City Call became a great break-through for Carl Malmsten, and the furniture is still used by the City Council. Oddly enough, the beautiful writing chair with which he won the competition, never found a place in the building.<\/p>\r\n<p>In the 1920s, Carl Malmsten became one of the most sought-after interior and furniture designer in Sweden. Prestigious commissions were rolling in. As a wedding gift to Crown Prince Gustaf Adolf and Lady Louise Mountbatten, he designed a comfortable living room at Ulriksdal Palace. The architect Ivar Tengbom engaged him for the Stockholm Concert Hall, Ivar Kreuger\u2019s Matchstick Palace and the Swedish Institute in Rome. Waldorf Astoria in New York phoned and asked Carl Malmsten to make the furnishings and furniture for bedrooms, salons and dining rooms. Banks, insurance companies, the Riksdag \u2013 as soon as luxurious board rooms were required, his name was mentioned.<\/p>\r\n<p>In connection with the Stockholm Exhibition in 1930, Carl Malmsten took a stand against the sterile varieties of functionalism. Malmsten himself was accused of being a narrow-minded apostle of handicrafts, disregarding the great production factor of the time: industry. It was not until after the war that Malmsten started combining handicraft and industry in his work. Up until then, the furniture had been made at the school he started in 1930 (see below) and at a number of joinery workshops suited to artisanal production. He established contact with a group of high-quality small industries, the so called Key Workshops.<\/p>\r\n<p>The break-through came in 1956, with an exhibition at the R\u00f6hsska Museum of Design and Craft in Gothenburg. For the first time, Malmsten showed furniture designed for serial production, and which soon found their way into the Swedish \u201cPeople\u2019s Homes\u201d.<\/p>\r\n<p>Some of the original Key Workshops still make classic Malmsten designs. For example, Stolab in Sm\u00e5landsstenar, where Lilla \u00c5land and Vardags are made, and O H Sj\u00f6gren in Tran\u00e5s, where upholstered armchairs such as Rundrygg, Farmor, Hemmakv\u00e4ll and Samsas are created. Just like Josef Frank and Svenskt Tenn, Carl Malmsten represents a distinct style of interior design that lives on long after its creator has passed away.<\/p>\r\n<p>He had a tremendous sense of proportion and designed furniture that people would feel very much at home with \u2013 and comfortable in.<\/p>\r\n<div id=\"attachment_1666\" style=\"width: 1010px\" class=\"wp-caption alignnone\"><img loading=\"lazy\" decoding=\"async\" aria-describedby=\"caption-attachment-1666\" class=\"wp-image-1666 size-full\" src=\"http:\/\/194.68.59.100\/~malmsten\/wp-content\/uploads\/2019\/01\/201308_udl_vardagsrummet_06148.jpg\" alt=\"\" width=\"1000\" height=\"665\" srcset=\"https:\/\/carlmalmstenstiftelsen.se\/wp-content\/uploads\/2019\/01\/201308_udl_vardagsrummet_06148.jpg 1000w, https:\/\/carlmalmstenstiftelsen.se\/wp-content\/uploads\/2019\/01\/201308_udl_vardagsrummet_06148-300x200.jpg 300w, https:\/\/carlmalmstenstiftelsen.se\/wp-content\/uploads\/2019\/01\/201308_udl_vardagsrummet_06148-768x511.jpg 768w\" sizes=\"auto, (max-width: 1000px) 100vw, 1000px\" \/><p id=\"caption-attachment-1666\" class=\"wp-caption-text\">Ulriksdal palace, living room.<\/p><\/div>\r\n\r\n<p>Carl Malmsten was at the forefront within Swedish crafts and furniture design, but he was just as much an energetic educator. At the time of the Stockholm Exhibition in 1930, he opened his second workshop, which was also designed as a school: Olofskolan. In 942, Carl Malmsten founded the Workshop School, where pupils received \u201ca technical art education\u201d in furniture making and where \u201cthe physical and mental forces develop together\u201d. In the 1950s, the royalties from Carl Malmsten\u2019s collaboration with a number of small industries went to the Nyckelvik project. After the opening of Nyckelviksskolan on Liding\u00f6 (1955), the royalties were directed to Capellag\u00e5rden on \u00d6land (1958). In all of the schools, including the Malmsten School of Furniture on Liding\u00f6 \u2013 now an extension of Link\u00f6ping University and simply referred to as Malmstens \u2013 the basic philosophy is still that of \u201chand and mind in creative collaboration\u201d.<\/p>\r\n<div id=\"attachment_1614\" style=\"width: 1010px\" class=\"wp-caption alignnone\"><img loading=\"lazy\" decoding=\"async\" aria-describedby=\"caption-attachment-1614\" class=\"wp-image-1614 size-full\" src=\"http:\/\/194.68.59.100\/~malmsten\/wp-content\/uploads\/2019\/01\/1_01.jpg\" alt=\"\" width=\"1000\" height=\"687\" srcset=\"https:\/\/carlmalmstenstiftelsen.se\/wp-content\/uploads\/2019\/01\/1_01.jpg 1000w, https:\/\/carlmalmstenstiftelsen.se\/wp-content\/uploads\/2019\/01\/1_01-300x206.jpg 300w, https:\/\/carlmalmstenstiftelsen.se\/wp-content\/uploads\/2019\/01\/1_01-768x528.jpg 768w\" sizes=\"auto, (max-width: 1000px) 100vw, 1000px\" \/><p id=\"caption-attachment-1614\" class=\"wp-caption-text\">Capellag\u00e5rden<\/p><\/div>\r\n<!-- \/wp:post-content -->\r\n\r\n<!-- wp:paragraph -->\r\n<p>Many people have testified to Carl Malmsten\u2019s eccentric and strong-willed personality. Depending on the time of year, he went from his home in Bergshamra on the northern side of Lake Brunnsviken to the office in central Stockholm on foot, by bicycle or on skis. Driving was not his thing. Another peculiarity was that he never ate at set times, only when he was hungry. This could be difficult for those around him, especially if they wanted to invite him for dinner. Carl Malmsten was simply an awkward person with a hot temper and generous love, depending on when, where and with whom he interacted. The potter and glass designer Ingegerd R\u00e5man has told how she fell out with Carl Malmsten when she was a student at Capellag\u00e5rden. \u201cI remember how angry I was with him, but he didn\u2019t crumble. He knew what he stood for and it was wonderful to meet such a person. I learned about simplicity and tradition, the quality of materials and that things must function.\u201d<\/p>\r\n<!-- \/wp:paragraph -->\r\n<div id=\"attachment_1610\" style=\"width: 1010px\" class=\"wp-caption alignnone\"><img loading=\"lazy\" decoding=\"async\" aria-describedby=\"caption-attachment-1610\" class=\"wp-image-1610 size-full\" src=\"http:\/\/194.68.59.100\/~malmsten\/wp-content\/uploads\/2019\/01\/17_mg_6494.jpg\" alt=\"\" width=\"1000\" height=\"752\" srcset=\"https:\/\/carlmalmstenstiftelsen.se\/wp-content\/uploads\/2019\/01\/17_mg_6494.jpg 1000w, https:\/\/carlmalmstenstiftelsen.se\/wp-content\/uploads\/2019\/01\/17_mg_6494-300x226.jpg 300w, https:\/\/carlmalmstenstiftelsen.se\/wp-content\/uploads\/2019\/01\/17_mg_6494-768x578.jpg 768w\" sizes=\"auto, (max-width: 1000px) 100vw, 1000px\" \/><p id=\"caption-attachment-1610\" class=\"wp-caption-text\">Malmsten at Capellag\u00e5rden<\/p><\/div>\r\n<!-- \/wp:paragraph -->\r\n\r\n<!-- wp:heading -->\r\n<p>&nbsp;<\/p>\r\n<!-- \/wp:list -->\r\n\r\n<!-- wp:paragraph --><!-- \/wp:paragraph -->","protected":false},"excerpt":{"rendered":"<p>\u201cNeither light, nor eyes or people like bumping into sharp corners\u201d, he explained. Therefore, all edges had to be smoothed so that they were kinder to the eye and to the touch. Carl Malmsten (1888\u20131972) is not only one of the most famous furniture designer in Sweden. He was also one of the great cultural [&hellip;]<\/p>\n","protected":false},"author":6,"featured_media":2770,"parent":0,"menu_order":30,"comment_status":"closed","ping_status":"closed","template":"","meta":{"_acf_changed":false,"inline_featured_image":false,"footnotes":""},"class_list":["post-2768","page","type-page","status-publish","has-post-thumbnail","hentry"],"acf":[],"yoast_head":"<!-- This site is optimized with the Yoast SEO plugin v26.4 - https:\/\/yoast.com\/wordpress\/plugins\/seo\/ -->\n<title>Carl Malmsten - Carl Malmsten<\/title>\n<meta name=\"description\" content=\"Alla kanter brytas grundligt, skrev Carl Malmsten ofta p\u00e5 sina ritningar. Naturen var hans stora inspirationsk\u00e4lla och i naturen f\u00f6rekommer knappast n\u00e5gra skarpa kanter eller h\u00f6rn.\" \/>\n<meta name=\"robots\" content=\"index, follow, max-snippet:-1, max-image-preview:large, max-video-preview:-1\" \/>\n<link rel=\"canonical\" href=\"https:\/\/carlmalmstenstiftelsen.se\/en\/carl-malmsten\/\" \/>\n<meta property=\"og:locale\" content=\"en_US\" \/>\n<meta property=\"og:type\" content=\"article\" \/>\n<meta property=\"og:title\" content=\"Carl Malmsten - Carl Malmsten\" \/>\n<meta property=\"og:description\" content=\"Alla kanter brytas grundligt, skrev Carl Malmsten ofta p\u00e5 sina ritningar. Naturen var hans stora inspirationsk\u00e4lla och i naturen f\u00f6rekommer knappast n\u00e5gra skarpa kanter eller h\u00f6rn.\" \/>\n<meta property=\"og:url\" content=\"https:\/\/carlmalmstenstiftelsen.se\/en\/carl-malmsten\/\" \/>\n<meta property=\"og:site_name\" content=\"Carl Malmsten\" \/>\n<meta property=\"article:modified_time\" content=\"2022-12-16T14:11:20+00:00\" \/>\n<meta property=\"og:image\" content=\"https:\/\/carlmalmstenstiftelsen.se\/wp-content\/uploads\/2019\/01\/carl_malmsten_kontaktkarta_crop-1024x648.jpg\" \/>\n\t<meta property=\"og:image:width\" content=\"1024\" \/>\n\t<meta property=\"og:image:height\" content=\"648\" \/>\n\t<meta property=\"og:image:type\" content=\"image\/jpeg\" \/>\n<meta name=\"twitter:card\" content=\"summary_large_image\" \/>\n<meta name=\"twitter:label1\" content=\"Est. reading time\" \/>\n\t<meta name=\"twitter:data1\" content=\"6 minutes\" \/>\n<script type=\"application\/ld+json\" class=\"yoast-schema-graph\">{\"@context\":\"https:\/\/schema.org\",\"@graph\":[{\"@type\":\"WebPage\",\"@id\":\"https:\/\/carlmalmstenstiftelsen.se\/en\/carl-malmsten\/\",\"url\":\"https:\/\/carlmalmstenstiftelsen.se\/en\/carl-malmsten\/\",\"name\":\"Carl Malmsten - Carl Malmsten\",\"isPartOf\":{\"@id\":\"https:\/\/carlmalmstenstiftelsen.se\/en\/#website\"},\"primaryImageOfPage\":{\"@id\":\"https:\/\/carlmalmstenstiftelsen.se\/en\/carl-malmsten\/#primaryimage\"},\"image\":{\"@id\":\"https:\/\/carlmalmstenstiftelsen.se\/en\/carl-malmsten\/#primaryimage\"},\"thumbnailUrl\":\"https:\/\/carlmalmstenstiftelsen.se\/wp-content\/uploads\/2019\/01\/carl_malmsten_kontaktkarta_crop.jpg\",\"datePublished\":\"2018-12-07T12:22:15+00:00\",\"dateModified\":\"2022-12-16T14:11:20+00:00\",\"description\":\"Alla kanter brytas grundligt, skrev Carl Malmsten ofta p\u00e5 sina ritningar. Naturen var hans stora inspirationsk\u00e4lla och i naturen f\u00f6rekommer knappast n\u00e5gra skarpa kanter eller h\u00f6rn.\",\"breadcrumb\":{\"@id\":\"https:\/\/carlmalmstenstiftelsen.se\/en\/carl-malmsten\/#breadcrumb\"},\"inLanguage\":\"en-US\",\"potentialAction\":[{\"@type\":\"ReadAction\",\"target\":[\"https:\/\/carlmalmstenstiftelsen.se\/en\/carl-malmsten\/\"]}]},{\"@type\":\"ImageObject\",\"inLanguage\":\"en-US\",\"@id\":\"https:\/\/carlmalmstenstiftelsen.se\/en\/carl-malmsten\/#primaryimage\",\"url\":\"https:\/\/carlmalmstenstiftelsen.se\/wp-content\/uploads\/2019\/01\/carl_malmsten_kontaktkarta_crop.jpg\",\"contentUrl\":\"https:\/\/carlmalmstenstiftelsen.se\/wp-content\/uploads\/2019\/01\/carl_malmsten_kontaktkarta_crop.jpg\",\"width\":3161,\"height\":2000},{\"@type\":\"BreadcrumbList\",\"@id\":\"https:\/\/carlmalmstenstiftelsen.se\/en\/carl-malmsten\/#breadcrumb\",\"itemListElement\":[{\"@type\":\"ListItem\",\"position\":1,\"name\":\"Hem\",\"item\":\"https:\/\/carlmalmstenstiftelsen.se\/en\/\"},{\"@type\":\"ListItem\",\"position\":2,\"name\":\"Carl Malmsten\"}]},{\"@type\":\"WebSite\",\"@id\":\"https:\/\/carlmalmstenstiftelsen.se\/en\/#website\",\"url\":\"https:\/\/carlmalmstenstiftelsen.se\/en\/\",\"name\":\"Carl Malmsten\",\"description\":\"M\u00f6belm\u00e4staren\",\"publisher\":{\"@id\":\"https:\/\/carlmalmstenstiftelsen.se\/en\/#organization\"},\"potentialAction\":[{\"@type\":\"SearchAction\",\"target\":{\"@type\":\"EntryPoint\",\"urlTemplate\":\"https:\/\/carlmalmstenstiftelsen.se\/en\/?s={search_term_string}\"},\"query-input\":{\"@type\":\"PropertyValueSpecification\",\"valueRequired\":true,\"valueName\":\"search_term_string\"}}],\"inLanguage\":\"en-US\"},{\"@type\":\"Organization\",\"@id\":\"https:\/\/carlmalmstenstiftelsen.se\/en\/#organization\",\"name\":\"Carl Malmsten\",\"url\":\"https:\/\/carlmalmstenstiftelsen.se\/en\/\",\"logo\":{\"@type\":\"ImageObject\",\"inLanguage\":\"en-US\",\"@id\":\"https:\/\/carlmalmstenstiftelsen.se\/en\/#\/schema\/logo\/image\/\",\"url\":\"https:\/\/carlmalmstenstiftelsen.se\/wp-content\/uploads\/2023\/01\/STIFTELSEN-sigill-svart-3.png\",\"contentUrl\":\"https:\/\/carlmalmstenstiftelsen.se\/wp-content\/uploads\/2023\/01\/STIFTELSEN-sigill-svart-3.png\",\"width\":1442,\"height\":854,\"caption\":\"Carl Malmsten\"},\"image\":{\"@id\":\"https:\/\/carlmalmstenstiftelsen.se\/en\/#\/schema\/logo\/image\/\"}}]}<\/script>\n<!-- \/ Yoast SEO plugin. -->","yoast_head_json":{"title":"Carl Malmsten - Carl Malmsten","description":"Alla kanter brytas grundligt, skrev Carl Malmsten ofta p\u00e5 sina ritningar. Naturen var hans stora inspirationsk\u00e4lla och i naturen f\u00f6rekommer knappast n\u00e5gra skarpa kanter eller h\u00f6rn.","robots":{"index":"index","follow":"follow","max-snippet":"max-snippet:-1","max-image-preview":"max-image-preview:large","max-video-preview":"max-video-preview:-1"},"canonical":"https:\/\/carlmalmstenstiftelsen.se\/en\/carl-malmsten\/","og_locale":"en_US","og_type":"article","og_title":"Carl Malmsten - Carl Malmsten","og_description":"Alla kanter brytas grundligt, skrev Carl Malmsten ofta p\u00e5 sina ritningar. Naturen var hans stora inspirationsk\u00e4lla och i naturen f\u00f6rekommer knappast n\u00e5gra skarpa kanter eller h\u00f6rn.","og_url":"https:\/\/carlmalmstenstiftelsen.se\/en\/carl-malmsten\/","og_site_name":"Carl Malmsten","article_modified_time":"2022-12-16T14:11:20+00:00","og_image":[{"width":1024,"height":648,"url":"https:\/\/carlmalmstenstiftelsen.se\/wp-content\/uploads\/2019\/01\/carl_malmsten_kontaktkarta_crop-1024x648.jpg","type":"image\/jpeg"}],"twitter_card":"summary_large_image","twitter_misc":{"Est. reading time":"6 minutes"},"schema":{"@context":"https:\/\/schema.org","@graph":[{"@type":"WebPage","@id":"https:\/\/carlmalmstenstiftelsen.se\/en\/carl-malmsten\/","url":"https:\/\/carlmalmstenstiftelsen.se\/en\/carl-malmsten\/","name":"Carl Malmsten - Carl Malmsten","isPartOf":{"@id":"https:\/\/carlmalmstenstiftelsen.se\/en\/#website"},"primaryImageOfPage":{"@id":"https:\/\/carlmalmstenstiftelsen.se\/en\/carl-malmsten\/#primaryimage"},"image":{"@id":"https:\/\/carlmalmstenstiftelsen.se\/en\/carl-malmsten\/#primaryimage"},"thumbnailUrl":"https:\/\/carlmalmstenstiftelsen.se\/wp-content\/uploads\/2019\/01\/carl_malmsten_kontaktkarta_crop.jpg","datePublished":"2018-12-07T12:22:15+00:00","dateModified":"2022-12-16T14:11:20+00:00","description":"Alla kanter brytas grundligt, skrev Carl Malmsten ofta p\u00e5 sina ritningar. Naturen var hans stora inspirationsk\u00e4lla och i naturen f\u00f6rekommer knappast n\u00e5gra skarpa kanter eller h\u00f6rn.","breadcrumb":{"@id":"https:\/\/carlmalmstenstiftelsen.se\/en\/carl-malmsten\/#breadcrumb"},"inLanguage":"en-US","potentialAction":[{"@type":"ReadAction","target":["https:\/\/carlmalmstenstiftelsen.se\/en\/carl-malmsten\/"]}]},{"@type":"ImageObject","inLanguage":"en-US","@id":"https:\/\/carlmalmstenstiftelsen.se\/en\/carl-malmsten\/#primaryimage","url":"https:\/\/carlmalmstenstiftelsen.se\/wp-content\/uploads\/2019\/01\/carl_malmsten_kontaktkarta_crop.jpg","contentUrl":"https:\/\/carlmalmstenstiftelsen.se\/wp-content\/uploads\/2019\/01\/carl_malmsten_kontaktkarta_crop.jpg","width":3161,"height":2000},{"@type":"BreadcrumbList","@id":"https:\/\/carlmalmstenstiftelsen.se\/en\/carl-malmsten\/#breadcrumb","itemListElement":[{"@type":"ListItem","position":1,"name":"Hem","item":"https:\/\/carlmalmstenstiftelsen.se\/en\/"},{"@type":"ListItem","position":2,"name":"Carl Malmsten"}]},{"@type":"WebSite","@id":"https:\/\/carlmalmstenstiftelsen.se\/en\/#website","url":"https:\/\/carlmalmstenstiftelsen.se\/en\/","name":"Carl Malmsten","description":"M\u00f6belm\u00e4staren","publisher":{"@id":"https:\/\/carlmalmstenstiftelsen.se\/en\/#organization"},"potentialAction":[{"@type":"SearchAction","target":{"@type":"EntryPoint","urlTemplate":"https:\/\/carlmalmstenstiftelsen.se\/en\/?s={search_term_string}"},"query-input":{"@type":"PropertyValueSpecification","valueRequired":true,"valueName":"search_term_string"}}],"inLanguage":"en-US"},{"@type":"Organization","@id":"https:\/\/carlmalmstenstiftelsen.se\/en\/#organization","name":"Carl Malmsten","url":"https:\/\/carlmalmstenstiftelsen.se\/en\/","logo":{"@type":"ImageObject","inLanguage":"en-US","@id":"https:\/\/carlmalmstenstiftelsen.se\/en\/#\/schema\/logo\/image\/","url":"https:\/\/carlmalmstenstiftelsen.se\/wp-content\/uploads\/2023\/01\/STIFTELSEN-sigill-svart-3.png","contentUrl":"https:\/\/carlmalmstenstiftelsen.se\/wp-content\/uploads\/2023\/01\/STIFTELSEN-sigill-svart-3.png","width":1442,"height":854,"caption":"Carl Malmsten"},"image":{"@id":"https:\/\/carlmalmstenstiftelsen.se\/en\/#\/schema\/logo\/image\/"}}]}},"_links":{"self":[{"href":"https:\/\/carlmalmstenstiftelsen.se\/en\/wp-json\/wp\/v2\/pages\/2768","targetHints":{"allow":["GET"]}}],"collection":[{"href":"https:\/\/carlmalmstenstiftelsen.se\/en\/wp-json\/wp\/v2\/pages"}],"about":[{"href":"https:\/\/carlmalmstenstiftelsen.se\/en\/wp-json\/wp\/v2\/types\/page"}],"author":[{"embeddable":true,"href":"https:\/\/carlmalmstenstiftelsen.se\/en\/wp-json\/wp\/v2\/users\/6"}],"replies":[{"embeddable":true,"href":"https:\/\/carlmalmstenstiftelsen.se\/en\/wp-json\/wp\/v2\/comments?post=2768"}],"version-history":[{"count":6,"href":"https:\/\/carlmalmstenstiftelsen.se\/en\/wp-json\/wp\/v2\/pages\/2768\/revisions"}],"predecessor-version":[{"id":5105,"href":"https:\/\/carlmalmstenstiftelsen.se\/en\/wp-json\/wp\/v2\/pages\/2768\/revisions\/5105"}],"wp:featuredmedia":[{"embeddable":true,"href":"https:\/\/carlmalmstenstiftelsen.se\/en\/wp-json\/wp\/v2\/media\/2770"}],"wp:attachment":[{"href":"https:\/\/carlmalmstenstiftelsen.se\/en\/wp-json\/wp\/v2\/media?parent=2768"}],"curies":[{"name":"wp","href":"https:\/\/api.w.org\/{rel}","templated":true}]}}